{"id":12,"date":"2024-08-19T10:53:46","date_gmt":"2024-08-19T13:53:46","guid":{"rendered":"https:\/\/www.casapaellas.com.br\/lp\/?page_id=12"},"modified":"2025-12-05T21:11:06","modified_gmt":"2025-12-06T00:11:06","slug":"inicio","status":"publish","type":"page","link":"https:\/\/www.casapaellas.com.br\/lp\/","title":{"rendered":"Inicio"},"content":{"rendered":"\n<div class=\"wp-block-uagb-container uagb-block-5fbcaaee alignfull uagb-is-root-container\"><div class=\"uagb-container-inner-blocks-wrap\">\n<div class=\"wp-block-uagb-advanced-heading uagb-block-f2463eb8\"><h1 class=\"uagb-heading-text\">Paellas Gourmet para uma <span style=\"text-decoration: underline;\">Festa Nota 10<\/span>!<\/h1><p class=\"uagb-desc-text\">Encomende a sua e relaxe, a Paella chegar\u00e1 pontual na sua casa.<\/p><\/div>\n\n\n\n<div class=\"wp-block-uagb-container uagb-block-9ea0ad08 alignfull uagb-is-root-container\"><div class=\"uagb-container-inner-blocks-wrap\">\n<div class=\"wp-block-uagb-container uagb-block-44fa61b8 alignfull uagb-is-root-container\"><div class=\"uagb-container-inner-blocks-wrap\">\n<div class=\"wp-block-uagb-image uagb-block-8e8cb429 wp-block-uagb-image--layout-default wp-block-uagb-image--effect-static wp-block-uagb-image--align-none\"><figure class=\"wp-block-uagb-image__figure\"><img decoding=\"async\" srcset=\"https:\/\/www.casapaellas.com.br\/lp\/wp-content\/uploads\/2024\/08\/paella-fogo-fumaca.webp ,https:\/\/www.casapaellas.com.br\/lp\/wp-content\/uploads\/2024\/08\/paella-fogo-fumaca.webp 780w, https:\/\/www.casapaellas.com.br\/lp\/wp-content\/uploads\/2024\/08\/paella-fogo-fumaca.webp 360w\" sizes=\"auto, (max-width: 480px) 150px\" src=\"https:\/\/www.casapaellas.com.br\/lp\/wp-content\/uploads\/2024\/08\/paella-fogo-fumaca.webp\" alt=\"\" class=\"uag-image-64\" width=\"400\" height=\"300\" title=\"paella-fogo-fumaca\" loading=\"lazy\" role=\"img\"\/><\/figure><\/div>\n<\/div><\/div>\n\n\n\n<div class=\"wp-block-uagb-icon-list uagb-block-be7f67a7\"><div class=\"uagb-icon-list__wrap\">\n<div class=\"wp-block-uagb-icon-list-child uagb-block-3f803c3c\"><span class=\"uagb-icon-list__source-wrap\"><svg xmlns=\"https:\/\/www.w3.org\/2000\/svg\" viewBox=\"0 0 448 512\"><path d=\"M438.6 105.4C451.1 117.9 451.1 138.1 438.6 150.6L182.6 406.6C170.1 419.1 149.9 419.1 137.4 406.6L9.372 278.6C-3.124 266.1-3.124 245.9 9.372 233.4C21.87 220.9 42.13 220.9 54.63 233.4L159.1 338.7L393.4 105.4C405.9 92.88 426.1 92.88 438.6 105.4H438.6z\"><\/path><\/svg><\/span><span class=\"uagb-icon-list__label\"><br>Paellas de todos os tamanhos, a partir de 4 pessoas.<\/span><\/div>\n\n\n\n<div class=\"wp-block-uagb-icon-list-child uagb-block-0e1f7c75\"><span class=\"uagb-icon-list__source-wrap\"><svg xmlns=\"https:\/\/www.w3.org\/2000\/svg\" viewBox=\"0 0 448 512\"><path d=\"M438.6 105.4C451.1 117.9 451.1 138.1 438.6 150.6L182.6 406.6C170.1 419.1 149.9 419.1 137.4 406.6L9.372 278.6C-3.124 266.1-3.124 245.9 9.372 233.4C21.87 220.9 42.13 220.9 54.63 233.4L159.1 338.7L393.4 105.4C405.9 92.88 426.1 92.88 438.6 105.4H438.6z\"><\/path><\/svg><\/span><span class=\"uagb-icon-list__label\">Descomplique: Paella \u00e9 prato completo, \u00e9 tudo que voc\u00ea precisa.<\/span><\/div>\n\n\n\n<div class=\"wp-block-uagb-icon-list-child uagb-block-6f57ca23\"><span class=\"uagb-icon-list__source-wrap\"><svg xmlns=\"https:\/\/www.w3.org\/2000\/svg\" viewBox=\"0 0 448 512\"><path d=\"M438.6 105.4C451.1 117.9 451.1 138.1 438.6 150.6L182.6 406.6C170.1 419.1 149.9 419.1 137.4 406.6L9.372 278.6C-3.124 266.1-3.124 245.9 9.372 233.4C21.87 220.9 42.13 220.9 54.63 233.4L159.1 338.7L393.4 105.4C405.9 92.88 426.1 92.88 438.6 105.4H438.6z\"><\/path><\/svg><\/span><span class=\"uagb-icon-list__label\">\u00danicas feitas por chef Espanhol.<\/span><\/div>\n<\/div><\/div>\n<\/div><\/div>\n\n\n\n<div class=\"wp-block-uagb-buttons uagb-buttons__outer-wrap uagb-btn__default-btn uagb-btn-tablet__default-btn uagb-btn-mobile__default-btn uagb-block-a34e9c13\"><div class=\"uagb-buttons__wrap uagb-buttons-layout-wrap \">\n<div class=\"wp-block-uagb-buttons-child uagb-buttons__outer-wrap uagb-block-9ebf56c6 wp-block-button\"><div class=\"uagb-button__wrapper\"><a class=\"uagb-buttons-repeater wp-block-button__link\" aria-label=\"\" href=\"https:\/\/maps.app.goo.gl\/b2Z1QcYdGbqLXnmj8\" rel=\"follow noopener\" target=\"_self\" role=\"button\"><div class=\"uagb-button__link\">fotos<\/div><\/a><\/div><\/div>\n\n\n\n<div class=\"wp-block-uagb-buttons-child uagb-buttons__outer-wrap uagb-block-37b73b84 wp-block-button\"><div class=\"uagb-button__wrapper\"><a class=\"uagb-buttons-repeater wp-block-button__link\" aria-label=\"\" href=\"https:\/\/www.casapaellas.com.br\/lp\/faq\/\" rel=\"follow noopener\" target=\"_self\" role=\"button\"><div class=\"uagb-button__link\">d\u00favidas<\/div><\/a><\/div><\/div>\n<\/div><\/div>\n<\/div><\/div>\n\n\n\n<div class=\"wp-block-uagb-container uagb-block-6d69e2ec alignfull uagb-is-root-container\"><div class=\"uagb-container-inner-blocks-wrap\">\n<div class=\"wp-block-media-text is-stacked-on-mobile\" style=\"padding-right:0px;padding-left:0px;grid-template-columns:40% auto\"><figure class=\"wp-block-media-text__media\"><img loading=\"lazy\" decoding=\"async\" width=\"320\" height=\"240\" src=\"https:\/\/www.casapaellas.com.br\/lp\/wp-content\/uploads\/2024\/11\/IMG_20230709_124941_400X300-e1730930434613.webp\" alt=\"\" class=\"wp-image-370 size-full\"\/><\/figure><div class=\"wp-block-media-text__content\">\n<div class=\"wp-block-uagb-advanced-heading uagb-block-4ef7ae6e\"><h2 class=\"uagb-heading-text\">Escolha o seu sabor favorito<\/h2><\/div>\n\n\n\n<div class=\"wp-block-uagb-advanced-heading uagb-block-af2ea4ae\"><h5 class=\"uagb-heading-text\">Descubra diferentes sabores de paellas, como a cl\u00e1ssica de Frutos do Mar. Voc\u00ea \u00e9 al\u00e9rgico? Tamb\u00e9m temos uma paella para voc\u00ea. Confira nosso card\u00e1pio.Seu cabe\u00e7alho atrativo<\/h5><\/div>\n<\/div><\/div>\n\n\n\n<div class=\"wp-block-uagb-buttons uagb-buttons__outer-wrap uagb-btn__default-btn uagb-btn-tablet__default-btn uagb-btn-mobile__default-btn uagb-block-a1bfe2e4\"><div class=\"uagb-buttons__wrap uagb-buttons-layout-wrap \">\n<div class=\"wp-block-uagb-buttons-child uagb-buttons__outer-wrap uagb-block-c9ff6f7e wp-block-button\"><div class=\"uagb-button__wrapper\"><a class=\"uagb-buttons-repeater wp-block-button__link\" aria-label=\"\" href=\"tel:+5571997043897\" rel=\"follow noopener\" target=\"_self\" role=\"button\"><div class=\"uagb-button__link\">ligue agora<br> (71) 99704 3897<\/div><\/a><\/div><\/div>\n<\/div><\/div>\n<\/div><\/div>\n","protected":false},"excerpt":{"rendered":"<p>Paellas Gourmet para uma Festa Nota 10! Encomende a sua e relaxe, a Paella chegar\u00e1 pontual na sua casa. Escolha o seu sabor favorito Descubra diferentes sabores de paellas, como a cl\u00e1ssica de Frutos do Mar. Voc\u00ea \u00e9 al\u00e9rgico? Tamb\u00e9m temos uma paella para voc\u00ea. Confira nosso card\u00e1pio.Seu cabe\u00e7alho atrativo<\/p>\n","protected":false},"author":1,"featured_media":0,"parent":0,"menu_order":0,"comment_status":"closed","ping_status":"closed","template":"","meta":{"_uag_custom_page_level_css":"","neve_meta_sidebar":"","neve_meta_container":"default","neve_meta_enable_content_width":"","neve_meta_content_width":0,"neve_meta_title_alignment":"","neve_meta_author_avatar":"","neve_post_elements_order":"","neve_meta_disable_header":"off","neve_meta_disable_footer":"off","neve_meta_disable_title":"on","footnotes":""},"class_list":["post-12","page","type-page","status-publish","hentry"],"uagb_featured_image_src":{"full":false,"thumbnail":false,"medium":false,"medium_large":false,"large":false,"1536x1536":false,"2048x2048":false,"neve-blog":false},"uagb_author_info":{"display_name":"super","author_link":"https:\/\/www.casapaellas.com.br\/lp\/author\/super\/"},"uagb_comment_info":0,"uagb_excerpt":"Paellas Gourmet para uma Festa Nota 10! Encomende a sua e relaxe, a Paella chegar\u00e1 pontual na sua casa. Escolha o seu sabor favorito Descubra diferentes sabores de paellas, como a cl\u00e1ssica de Frutos do Mar. Voc\u00ea \u00e9 al\u00e9rgico? Tamb\u00e9m temos uma paella para voc\u00ea. Confira nosso card\u00e1pio.Seu cabe\u00e7alho atrativo","_links":{"self":[{"href":"https:\/\/www.casapaellas.com.br\/lp\/wp-json\/wp\/v2\/pages\/12","targetHints":{"allow":["GET"]}}],"collection":[{"href":"https:\/\/www.casapaellas.com.br\/lp\/wp-json\/wp\/v2\/pages"}],"about":[{"href":"https:\/\/www.casapaellas.com.br\/lp\/wp-json\/wp\/v2\/types\/page"}],"author":[{"embeddable":true,"href":"https:\/\/www.casapaellas.com.br\/lp\/wp-json\/wp\/v2\/users\/1"}],"replies":[{"embeddable":true,"href":"https:\/\/www.casapaellas.com.br\/lp\/wp-json\/wp\/v2\/comments?post=12"}],"version-history":[{"count":163,"href":"https:\/\/www.casapaellas.com.br\/lp\/wp-json\/wp\/v2\/pages\/12\/revisions"}],"predecessor-version":[{"id":426,"href":"https:\/\/www.casapaellas.com.br\/lp\/wp-json\/wp\/v2\/pages\/12\/revisions\/426"}],"wp:attachment":[{"href":"https:\/\/www.casapaellas.com.br\/lp\/wp-json\/wp\/v2\/media?parent=12"}],"curies":[{"name":"wp","href":"https:\/\/api.w.org\/{rel}","templated":true}]}}