{"id":356,"date":"2024-11-05T10:22:11","date_gmt":"2024-11-05T13:22:11","guid":{"rendered":"https:\/\/www.casapaellas.com.br\/lp\/?page_id=356"},"modified":"2024-11-05T17:25:39","modified_gmt":"2024-11-05T20:25:39","slug":"faq","status":"publish","type":"page","link":"https:\/\/www.casapaellas.com.br\/lp\/faq\/","title":{"rendered":"faq"},"content":{"rendered":"<style>#sp-ea-358 .spcollapsing { height: 0; overflow: hidden; transition-property: height;transition-duration: 300ms;}#sp-ea-358.sp-easy-accordion>.sp-ea-single {margin-bottom: 10px; border: 1px solid #e2e2e2; }#sp-ea-358.sp-easy-accordion>.sp-ea-single>.ea-header a {color: #444;}#sp-ea-358.sp-easy-accordion>.sp-ea-single>.sp-collapse>.ea-body {background: #fff; color: #444;}#sp-ea-358.sp-easy-accordion>.sp-ea-single {background: #eee;}#sp-ea-358.sp-easy-accordion>.sp-ea-single>.ea-header a .ea-expand-icon { float: left; color: #444;font-size: 16px;}<\/style><div id=\"sp_easy_accordion-1730836717\"><div id=\"sp-ea-358\" class=\"sp-ea-one sp-easy-accordion\" data-ea-active=\"ea-click\" data-ea-mode=\"vertical\" data-preloader=\"\" data-scroll-active-item=\"\" data-offset-to-scroll=\"0\"><div class=\"ea-card sp-ea-single\"><h3 class=\"ea-header\"><a class=\"collapsed\" id=\"ea-header-3580\" role=\"button\" data-sptoggle=\"spcollapse\" data-sptarget=\"#collapse3580\" aria-controls=\"collapse3580\" href=\"#\" aria-expanded=\"false\" tabindex=\"0\"><i aria-hidden=\"true\" role=\"presentation\" class=\"ea-expand-icon eap-icon-ea-expand-plus\"><\/i> Porque encomendar uma paella em Casa Paellas?<\/a><\/h3><div class=\"sp-collapse spcollapse spcollapse\" id=\"collapse3580\" data-parent=\"#sp-ea-358\" role=\"region\" aria-labelledby=\"ea-header-3580\"> <div class=\"ea-body\"><p>O chef Pepe, imigrante espanhol, prepara a paella como ele sabe, igual \u00e0s que voc\u00ea poderia provar viajando \u00e0 Espanha, sem adapta\u00e7\u00f5es ou ingredientes estranhos. Uma boa oportunidade, n\u00e9?<\/p><p>Al\u00e9m disso, pode confiar na nossa seriedade, n\u00e3o vamos lhe decepcionar.<\/p><\/div><\/div><\/div><div class=\"ea-card sp-ea-single\"><h3 class=\"ea-header\"><a class=\"collapsed\" id=\"ea-header-3581\" role=\"button\" data-sptoggle=\"spcollapse\" data-sptarget=\"#collapse3581\" aria-controls=\"collapse3581\" href=\"#\" aria-expanded=\"false\" tabindex=\"0\"><i aria-hidden=\"true\" role=\"presentation\" class=\"ea-expand-icon eap-icon-ea-expand-plus\"><\/i> Como encomendar a minha paella? Como funciona?<\/a><\/h3><div class=\"sp-collapse spcollapse spcollapse\" id=\"collapse3581\" data-parent=\"#sp-ea-358\" role=\"region\" aria-labelledby=\"ea-header-3581\"> <div class=\"ea-body\"><p>Ligue para n\u00f3s, ou envie um WhatsApp, e lhe orientaremos. Nessa chamada pode deixar a sua paella encomendada.<\/p><\/div><\/div><\/div><div class=\"ea-card sp-ea-single\"><h3 class=\"ea-header\"><a class=\"collapsed\" id=\"ea-header-3582\" role=\"button\" data-sptoggle=\"spcollapse\" data-sptarget=\"#collapse3582\" aria-controls=\"collapse3582\" href=\"#\" aria-expanded=\"false\" tabindex=\"0\"><i aria-hidden=\"true\" role=\"presentation\" class=\"ea-expand-icon eap-icon-ea-expand-plus\"><\/i> Qual \u00e9 o menor tamanho que fornecem? E o maior?<\/a><\/h3><div class=\"sp-collapse spcollapse spcollapse\" id=\"collapse3582\" data-parent=\"#sp-ea-358\" role=\"region\" aria-labelledby=\"ea-header-3582\"> <div class=\"ea-body\"><p>O tamanho m\u00ednimo que fornecemos \u00e9 para 4 pessoas, e o tamanho m\u00e1ximo padr\u00e3o \u00e9 para 20 pessoas em uma \u00fanica paella. Para quantidades maiores, podemos atender em v\u00e1rias paellas, permitindo por\u00e7\u00f5es para grupos bem maiores. Consulte-nos para avaliar o seu caso espec\u00edfico.<\/p><\/div><\/div><\/div><div class=\"ea-card sp-ea-single\"><h3 class=\"ea-header\"><a class=\"collapsed\" id=\"ea-header-3583\" role=\"button\" data-sptoggle=\"spcollapse\" data-sptarget=\"#collapse3583\" aria-controls=\"collapse3583\" href=\"#\" aria-expanded=\"false\" tabindex=\"0\"><i aria-hidden=\"true\" role=\"presentation\" class=\"ea-expand-icon eap-icon-ea-expand-plus\"><\/i> Eu sou al\u00e9rgico a frutos do mar. Posso comer Paella?<\/a><\/h3><div class=\"sp-collapse spcollapse spcollapse\" id=\"collapse3583\" data-parent=\"#sp-ea-358\" role=\"region\" aria-labelledby=\"ea-header-3583\"> <div class=\"ea-body\"><p>Para quem \u00e9 al\u00e9rgico a frutos do mar, a paella de frutos do mar n\u00e3o \u00e9 indicada. No entanto, oferecemos a paella valenciana tradicional, feita sem frutos do mar, que voc\u00ea pode consumir sem problemas.<\/p><\/div><\/div><\/div><div class=\"ea-card sp-ea-single\"><h3 class=\"ea-header\"><a class=\"collapsed\" id=\"ea-header-3584\" role=\"button\" data-sptoggle=\"spcollapse\" data-sptarget=\"#collapse3584\" aria-controls=\"collapse3584\" href=\"#\" aria-expanded=\"false\" tabindex=\"0\"><i aria-hidden=\"true\" role=\"presentation\" class=\"ea-expand-icon eap-icon-ea-expand-plus\"><\/i> Com que anteced\u00eancia encomendar?<\/a><\/h3><div class=\"sp-collapse spcollapse spcollapse\" id=\"collapse3584\" data-parent=\"#sp-ea-358\" role=\"region\" aria-labelledby=\"ea-header-3584\"> <div class=\"ea-body\"><p>Cada paella \u00e9 feita individualmente, s\u00f3 para voc\u00ea, o que limita nossa capacidade de atendimento. Por isso, n\u00e3o podemos garantir disponibilidade para pedidos de \u00faltima hora, especialmente para paellas grandes. Recomendamos que fa\u00e7a sua encomenda com anteced\u00eancia: para datas n\u00e3o conflitivas e paellas menores, pedidos na v\u00e9spera costumam ser suficientes. Para tamanhos grandes e datas mais complicadas, \u00e9 melhor reservar com v\u00e1rios dias de anteced\u00eancia. A prepara\u00e7\u00e3o no local do evento tamb\u00e9m requer planejamento adicional, incluindo uma visita pr\u00e9via para avaliar a viabilidade.<\/p><\/div><\/div><\/div><div class=\"ea-card sp-ea-single\"><h3 class=\"ea-header\"><a class=\"collapsed\" id=\"ea-header-3585\" role=\"button\" data-sptoggle=\"spcollapse\" data-sptarget=\"#collapse3585\" aria-controls=\"collapse3585\" href=\"#\" aria-expanded=\"false\" tabindex=\"0\"><i aria-hidden=\"true\" role=\"presentation\" class=\"ea-expand-icon eap-icon-ea-expand-plus\"><\/i> Que hor\u00e1rios de entrega tem?<\/a><\/h3><div class=\"sp-collapse spcollapse spcollapse\" id=\"collapse3585\" data-parent=\"#sp-ea-358\" role=\"region\" aria-labelledby=\"ea-header-3585\"> <div class=\"ea-body\"><p>Entregamos de segunda a s\u00e1bado em hor\u00e1rios de almo\u00e7o e jantar, e domingos em hor\u00e1rio de almo\u00e7o. O hor\u00e1rio de almo\u00e7o \u00e9 de 11:30 at\u00e9 14:30. O hor\u00e1rio de jantar \u00e9 de 18:00 at\u00e9 21:00 horas. Nos domingos n\u00e3o entregamos jantar.<\/p><\/div><\/div><\/div><div class=\"ea-card sp-ea-single\"><h3 class=\"ea-header\"><a class=\"collapsed\" id=\"ea-header-3586\" role=\"button\" data-sptoggle=\"spcollapse\" data-sptarget=\"#collapse3586\" aria-controls=\"collapse3586\" href=\"#\" aria-expanded=\"false\" tabindex=\"0\"><i aria-hidden=\"true\" role=\"presentation\" class=\"ea-expand-icon eap-icon-ea-expand-plus\"><\/i> Que horas de entrega recomendam marcar?<\/a><\/h3><div class=\"sp-collapse spcollapse spcollapse\" id=\"collapse3586\" data-parent=\"#sp-ea-358\" role=\"region\" aria-labelledby=\"ea-header-3586\"> <div class=\"ea-body\"><p>Recomendamos agendar a entrega para o momento exato em que a paella ser\u00e1 servida, garantindo que chegue quente para melhor experi\u00eancia dos comensais. Embora a paella seja embalada em capa t\u00e9rmica, evite atrasos prolongados entre a entrega e o consumo, para preservar suas caracter\u00edsticas de sabor e textura.<\/p><\/div><\/div><\/div><div class=\"ea-card sp-ea-single\"><h3 class=\"ea-header\"><a class=\"collapsed\" id=\"ea-header-3587\" role=\"button\" data-sptoggle=\"spcollapse\" data-sptarget=\"#collapse3587\" aria-controls=\"collapse3587\" href=\"#\" aria-expanded=\"false\" tabindex=\"0\"><i aria-hidden=\"true\" role=\"presentation\" class=\"ea-expand-icon eap-icon-ea-expand-plus\"><\/i> Que formas de pagamento aceitam?<\/a><\/h3><div class=\"sp-collapse spcollapse spcollapse\" id=\"collapse3587\" data-parent=\"#sp-ea-358\" role=\"region\" aria-labelledby=\"ea-header-3587\"> <div class=\"ea-body\"><p>Aceitamos pagamento em esp\u00e9cie, cart\u00e3o, PIX e transfer\u00eancia banc\u00e1ria.<\/p><\/div><\/div><\/div><div class=\"ea-card sp-ea-single\"><h3 class=\"ea-header\"><a class=\"collapsed\" id=\"ea-header-3588\" role=\"button\" data-sptoggle=\"spcollapse\" data-sptarget=\"#collapse3588\" aria-controls=\"collapse3588\" href=\"#\" aria-expanded=\"false\" tabindex=\"0\"><i aria-hidden=\"true\" role=\"presentation\" class=\"ea-expand-icon eap-icon-ea-expand-plus\"><\/i> Voc\u00eas fornecem bebidas?<\/a><\/h3><div class=\"sp-collapse spcollapse spcollapse\" id=\"collapse3588\" data-parent=\"#sp-ea-358\" role=\"region\" aria-labelledby=\"ea-header-3588\"> <div class=\"ea-body\"><p>Para harmonizar com a paella oferecemos ocasionalmente vinhos espanh\u00f3is que importamos pessoalmente. Consulte a disponibilidade. N\u00e3o oferecemos outras bebidas, como refrigerantes, sucos ou cervejas.<\/p><\/div><\/div><\/div><div class=\"ea-card sp-ea-single\"><h3 class=\"ea-header\"><a class=\"collapsed\" id=\"ea-header-3589\" role=\"button\" data-sptoggle=\"spcollapse\" data-sptarget=\"#collapse3589\" aria-controls=\"collapse3589\" href=\"#\" aria-expanded=\"false\" tabindex=\"0\"><i aria-hidden=\"true\" role=\"presentation\" class=\"ea-expand-icon eap-icon-ea-expand-plus\"><\/i> Fornecem pratos e talheres?<\/a><\/h3><div class=\"sp-collapse spcollapse spcollapse\" id=\"collapse3589\" data-parent=\"#sp-ea-358\" role=\"region\" aria-labelledby=\"ea-header-3589\"> <div class=\"ea-body\"><p>N\u00e3o trabalhamos com fornecimento de pratos, talheres, copos, etc.<\/p><\/div><\/div><\/div><div class=\"ea-card sp-ea-single\"><h3 class=\"ea-header\"><a class=\"collapsed\" id=\"ea-header-35810\" role=\"button\" data-sptoggle=\"spcollapse\" data-sptarget=\"#collapse35810\" aria-controls=\"collapse35810\" href=\"#\" aria-expanded=\"false\" tabindex=\"0\"><i aria-hidden=\"true\" role=\"presentation\" class=\"ea-expand-icon eap-icon-ea-expand-plus\"><\/i> Voc\u00eas podem fazer a paella no meu domicilio ou local?<\/a><\/h3><div class=\"sp-collapse spcollapse spcollapse\" id=\"collapse35810\" data-parent=\"#sp-ea-358\" role=\"region\" aria-labelledby=\"ea-header-35810\"> <div class=\"ea-body\"><p>Para eventos, \u00e9 poss\u00edvel realizar a prepara\u00e7\u00e3o da paella diretamente no local, conferindo ao evento um car\u00e1ter mais exclusivo. Consulte as condi\u00e7\u00f5es para este servi\u00e7o.<\/p><\/div><\/div><\/div><\/div><\/div>\n\n\n\n<p><\/p>\n","protected":false},"excerpt":{"rendered":"","protected":false},"author":1,"featured_media":0,"parent":0,"menu_order":0,"comment_status":"closed","ping_status":"closed","template":"","meta":{"_uag_custom_page_level_css":"","neve_meta_sidebar":"","neve_meta_container":"","neve_meta_enable_content_width":"","neve_meta_content_width":0,"neve_meta_title_alignment":"","neve_meta_author_avatar":"","neve_post_elements_order":"","neve_meta_disable_header":"","neve_meta_disable_footer":"","neve_meta_disable_title":"","footnotes":""},"class_list":["post-356","page","type-page","status-publish","hentry"],"uagb_featured_image_src":{"full":false,"thumbnail":false,"medium":false,"medium_large":false,"large":false,"1536x1536":false,"2048x2048":false,"neve-blog":false},"uagb_author_info":{"display_name":"super","author_link":"https:\/\/www.casapaellas.com.br\/lp\/author\/super\/"},"uagb_comment_info":0,"uagb_excerpt":null,"_links":{"self":[{"href":"https:\/\/www.casapaellas.com.br\/lp\/wp-json\/wp\/v2\/pages\/356","targetHints":{"allow":["GET"]}}],"collection":[{"href":"https:\/\/www.casapaellas.com.br\/lp\/wp-json\/wp\/v2\/pages"}],"about":[{"href":"https:\/\/www.casapaellas.com.br\/lp\/wp-json\/wp\/v2\/types\/page"}],"author":[{"embeddable":true,"href":"https:\/\/www.casapaellas.com.br\/lp\/wp-json\/wp\/v2\/users\/1"}],"replies":[{"embeddable":true,"href":"https:\/\/www.casapaellas.com.br\/lp\/wp-json\/wp\/v2\/comments?post=356"}],"version-history":[{"count":2,"href":"https:\/\/www.casapaellas.com.br\/lp\/wp-json\/wp\/v2\/pages\/356\/revisions"}],"predecessor-version":[{"id":359,"href":"https:\/\/www.casapaellas.com.br\/lp\/wp-json\/wp\/v2\/pages\/356\/revisions\/359"}],"wp:attachment":[{"href":"https:\/\/www.casapaellas.com.br\/lp\/wp-json\/wp\/v2\/media?parent=356"}],"curies":[{"name":"wp","href":"https:\/\/api.w.org\/{rel}","templated":true}]}}